{"id":740,"date":"2024-03-19T12:23:44","date_gmt":"2024-03-19T11:23:44","guid":{"rendered":"https:\/\/redivium.com\/company-profile\/"},"modified":"2024-09-26T13:48:23","modified_gmt":"2024-09-26T11:48:23","slug":"unternehmensprofil","status":"publish","type":"page","link":"https:\/\/redivium.com\/de\/unternehmensprofil\/","title":{"rendered":"Unternehmensprofil"},"content":{"rendered":"\n<div class=\"redivium-content alignwide mx-auto px-8 md:py-16 py-8 container border-b border-primary\">\n    <h3 class=\"text-display2 mt-0 text-primary font-light mb-12\"><p>Vision<\/p>\n<\/h3>\n    <div class=\"text-body1 font-light\">\n        <p>Die Vision von Redivium ist die nachhaltige Produktion von Metallen f\u00fcr die Gesellschaft.<\/p>\n    <\/div>\n\n<\/div>\n\n\n\n<div class=\"redivium-content alignwide mx-auto px-8 md:py-16 py-8 container border-b border-primary\">\n    <h3 class=\"text-display2 mt-0 text-primary font-light mb-12\"><p>Mission<\/p>\n<\/h3>\n    <div class=\"text-body1 font-light\">\n        <p>Unsere Mission ist es, eine wirtschaftliche Beteiligung an einem Portfolio von Metallproduktionsanlagen zu entwickeln. Unser Fokus liegt darauf, den Aktion\u00e4ren eine hohe Kapitalrendite zu bieten, indem wir unsere Mitarbeiter, Projekte und unser Kapital unternehmerisch und verantwortungsvoll verwalten. Wir sind uns bewusst, dass ein professionelles, sachkundiges und ethisches Team von Direktoren, Mitarbeitern und Beratern der Schl\u00fcssel zu unserem Gesch\u00e4ft ist.<\/p>\n    <\/div>\n\n<\/div>\n\n\n\n<div class=\"redivium-content alignwide mx-auto px-8 md:py-16 py-8 container border-b border-primary\">\n    <h3 class=\"text-display2 mt-0 text-primary font-light mb-12\"><p>Geschichte<\/p>\n<\/h3>\n    <div class=\"text-body1 font-light\">\n        <p>Redivium wurde 2002 als Hannans Limited gegr\u00fcndet und 2003 an der Australian Securities Exchange (ASX) notiert. Der urspr\u00fcngliche Schwerpunkt des Unternehmens lag auf der Entdeckung einer wirtschaftlichen Mineralienlagerst\u00e4tte, die nachhaltig Metalle produzieren k\u00f6nnte. Als Redivium erweiterte das Unternehmen seine Interessen auf die R\u00fcckgewinnung von Metallen aus Schrott und Altbatterien im Jahr 2021.<\/p>\n    <\/div>\n\n<\/div>\n\n\n\n<div class=\"redivium-content alignwide mx-auto px-8 md:py-16 py-8 container border-b border-primary\">\n    <h3 class=\"text-display2 mt-0 text-primary font-light mb-12\"><p>Werte<\/p>\n<\/h3>\n    <div class=\"text-body1 font-light\">\n        <p>Sorgfalt: Vorrang f\u00fcr Sicherheit, Gesundheit, Umwelt und Gemeinschaft.<\/p>\n<p>Integrit\u00e4t: Wir streben nach Best\u00e4ndigkeit, bleiben unseren Werten treu und \u00fcbernehmen Verantwortung f\u00fcr unser Handeln.<\/p>\n<p>Fairness und Respekt: Wertsch\u00e4tzung von Vielfalt und Unterschieden, Handeln ohne Vorurteile und h\u00f6fliche Kommunikation.<\/p>\n<p>Transparenz: Wir sind ehrlich, sprechen Probleme an und kommunizieren klar und deutlich.<\/p>\n<p>Zusammenarbeit: Austausch von Ideen und Wissen, F\u00f6rderung der Zusammenarbeit, Anh\u00f6ren unserer Interessengruppen und Aufbau langfristiger Beziehungen.<\/p>\n<p>Bewusstsein: Ber\u00fccksichtigung aller identifizierten Schl\u00fcsselfragen bei unseren Entscheidungen und Ber\u00fccksichtigung zuk\u00fcnftiger Auswirkungen.<\/p>\n<p>Engagement: Wir konzentrieren uns auf unsere Kernziele, treffen pragmatische, qualitativ hochwertige technische und kommerzielle Entscheidungen und sind entschlossen und haben den Mut, unsere \u00dcberzeugungen zu vertreten.<\/p>\n    <\/div>\n\n<\/div>\n","protected":false},"excerpt":{"rendered":"","protected":false},"author":1,"featured_media":0,"parent":0,"menu_order":0,"comment_status":"closed","ping_status":"closed","template":"","meta":{"_acf_changed":false,"footnotes":""},"class_list":["post-740","page","type-page","status-publish","hentry"],"acf":[],"_links":{"self":[{"href":"https:\/\/redivium.com\/de\/wp-json\/wp\/v2\/pages\/740","targetHints":{"allow":["GET"]}}],"collection":[{"href":"https:\/\/redivium.com\/de\/wp-json\/wp\/v2\/pages"}],"about":[{"href":"https:\/\/redivium.com\/de\/wp-json\/wp\/v2\/types\/page"}],"author":[{"embeddable":true,"href":"https:\/\/redivium.com\/de\/wp-json\/wp\/v2\/users\/1"}],"replies":[{"embeddable":true,"href":"https:\/\/redivium.com\/de\/wp-json\/wp\/v2\/comments?post=740"}],"version-history":[{"count":5,"href":"https:\/\/redivium.com\/de\/wp-json\/wp\/v2\/pages\/740\/revisions"}],"predecessor-version":[{"id":878,"href":"https:\/\/redivium.com\/de\/wp-json\/wp\/v2\/pages\/740\/revisions\/878"}],"wp:attachment":[{"href":"https:\/\/redivium.com\/de\/wp-json\/wp\/v2\/media?parent=740"}],"curies":[{"name":"wp","href":"https:\/\/api.w.org\/{rel}","templated":true}]}}