{"id":744,"date":"2024-03-19T12:35:19","date_gmt":"2024-03-19T11:35:19","guid":{"rendered":"https:\/\/redivium.com\/directors\/"},"modified":"2025-07-01T10:37:31","modified_gmt":"2025-07-01T08:37:31","slug":"direktoren","status":"publish","type":"page","link":"https:\/\/redivium.com\/de\/direktoren\/","title":{"rendered":"Direktoren"},"content":{"rendered":"\n<div class=\"redivium-staff alignwide mx-auto px-8 md:py-16 py-8 container border-b border-primary\">\n    <div class=\"flex flex-col md:flex-row md:items-center items-start mb-12 gap-x-8 md:max-w-[630px] w-full justify-between\">\n        <div class=\"texts\">\n            <h3 class=\"text-heading1 mt-0 text-primary font-normal mb-4\">MICHAEL O&#8217;LEARY COLLINS<\/h3>\n            <h4 class=\"text-heading2 mt-0 text-primary font-normal mb-0\">Aufsichtsratsmitglied<\/h4>\n        <\/div>\n        <div class=\"image\">\n            <img decoding=\"async\" src=\"https:\/\/redivium.com\/wp-content\/uploads\/2024\/05\/michael_oleary_collins_redivium.png\" class=\"max-h-[110px]\" alt=\"\" \/>\n        <\/div>\n    <\/div>\n    <div class=\"text-body1 font-light\">\n        <p>Herr O&#8217;Leary Collins verf\u00fcgt \u00fcber eine mehr als 30-j\u00e4hrige Erfahrung im Banken-, Bergbau- und Technologiesektor in Australien, Asien, den USA, Gro\u00dfbritannien, EMEA und SE Europa. Er ist der Gesch\u00e4ftsf\u00fchrer von Greenhouse Investments Ltd (Greenhouse), dem zweitgr\u00f6\u00dften Aktion\u00e4r von Redivium. Herr O&#8217;Leary-Collins leitet derzeit von Zagreb, Kroatien, aus die europ\u00e4ischen Aktivit\u00e4ten von Redivium.<\/p>\n    <\/div>\n\n<\/div>\n\n\n\n\n\n<p><\/p>\n","protected":false},"excerpt":{"rendered":"","protected":false},"author":1,"featured_media":0,"parent":0,"menu_order":0,"comment_status":"closed","ping_status":"closed","template":"","meta":{"_acf_changed":false,"footnotes":""},"class_list":["post-744","page","type-page","status-publish","hentry"],"acf":[],"_links":{"self":[{"href":"https:\/\/redivium.com\/de\/wp-json\/wp\/v2\/pages\/744","targetHints":{"allow":["GET"]}}],"collection":[{"href":"https:\/\/redivium.com\/de\/wp-json\/wp\/v2\/pages"}],"about":[{"href":"https:\/\/redivium.com\/de\/wp-json\/wp\/v2\/types\/page"}],"author":[{"embeddable":true,"href":"https:\/\/redivium.com\/de\/wp-json\/wp\/v2\/users\/1"}],"replies":[{"embeddable":true,"href":"https:\/\/redivium.com\/de\/wp-json\/wp\/v2\/comments?post=744"}],"version-history":[{"count":5,"href":"https:\/\/redivium.com\/de\/wp-json\/wp\/v2\/pages\/744\/revisions"}],"predecessor-version":[{"id":1223,"href":"https:\/\/redivium.com\/de\/wp-json\/wp\/v2\/pages\/744\/revisions\/1223"}],"wp:attachment":[{"href":"https:\/\/redivium.com\/de\/wp-json\/wp\/v2\/media?parent=744"}],"curies":[{"name":"wp","href":"https:\/\/api.w.org\/{rel}","templated":true}]}}